{"id":1240,"date":"2020-10-22T14:34:15","date_gmt":"2020-10-22T12:34:15","guid":{"rendered":"http:\/\/www.champagne-nomine-renard.com\/shop\/?post_type=product&#038;p=1240"},"modified":"2026-04-15T09:01:15","modified_gmt":"2026-04-15T07:01:15","slug":"carton-decouverte-les-6-nomine","status":"publish","type":"product","link":"https:\/\/www.champagne-nomine-renard.com\/shop\/produit\/carton-decouverte-les-6-nomine\/","title":{"rendered":"Carton D\u00c9COUVERTE \u00ab les 6 Nomin\u00e9 \u00bb"},"content":{"rendered":"<p>Pour vous permettre de d\u00e9couvrir, red\u00e9couvrir ou faire connaitre notre gamme compl\u00e8te, un carton de 6 bouteilles de 75cl compos\u00e9 de notre BRUT NOMINE, Blanc de Blancs, Blanc de Noirs, Ros\u00e9, Demi-sec, et Special Club Mill\u00e9sime 2013\u2026.une explosion de saveurs !<\/p>\n","protected":false},"excerpt":{"rendered":"<p>Pour vous permettre de d\u00e9couvrir, red\u00e9couvrir ou faire connaitre notre gamme compl\u00e8te, un carton de 6 bouteilles de 75cl compos\u00e9 de notre BRUT NOMINE, Blanc de Blancs, Blanc de Noirs, Ros\u00e9, Demi-sec, et Special Club Mill\u00e9sime 2013\u2026.une explosion de saveurs !<\/p>\n","protected":false},"featured_media":1242,"template":"","meta":[],"product_cat":[43],"product_tag":[],"acf":[],"_links":{"self":[{"href":"https:\/\/www.champagne-nomine-renard.com\/shop\/wp-json\/wp\/v2\/product\/1240"}],"collection":[{"href":"https:\/\/www.champagne-nomine-renard.com\/shop\/wp-json\/wp\/v2\/product"}],"about":[{"href":"https:\/\/www.champagne-nomine-renard.com\/shop\/wp-json\/wp\/v2\/types\/product"}],"wp:featuredmedia":[{"embeddable":true,"href":"https:\/\/www.champagne-nomine-renard.com\/shop\/wp-json\/wp\/v2\/media\/1242"}],"wp:attachment":[{"href":"https:\/\/www.champagne-nomine-renard.com\/shop\/wp-json\/wp\/v2\/media?parent=1240"}],"wp:term":[{"taxonomy":"product_cat","embeddable":true,"href":"https:\/\/www.champagne-nomine-renard.com\/shop\/wp-json\/wp\/v2\/product_cat?post=1240"},{"taxonomy":"product_tag","embeddable":true,"href":"https:\/\/www.champagne-nomine-renard.com\/shop\/wp-json\/wp\/v2\/product_tag?post=1240"}],"curies":[{"name":"wp","href":"https:\/\/api.w.org\/{rel}","templated":true}]}}