{"id":890,"date":"2019-04-04T15:43:39","date_gmt":"2019-04-04T13:43:39","guid":{"rendered":"http:\/\/www.champagne-nomine-renard.com\/shop\/?post_type=product&#038;p=890"},"modified":"2021-01-13T15:17:03","modified_gmt":"2021-01-13T14:17:03","slug":"ma-facture","status":"publish","type":"product","link":"https:\/\/www.champagne-nomine-renard.com\/shop\/produit\/ma-facture\/","title":{"rendered":"Ma Facture"},"content":{"rendered":"<p><strong>Vous avez une facture \u00e0 r\u00e9gler ?<\/strong><br \/>\nRenseignez la r\u00e9f\u00e9rence de votre facture ainsi que son montant et ajoutez-la dans votre panier !<\/p>\n","protected":false},"excerpt":{"rendered":"<p>Vous avez une facture \u00e0 r\u00e9gler ? Renseignez la r\u00e9f\u00e9rence de votre facture ainsi que son montant et ajoutez-la dans votre panier !<\/p>\n","protected":false},"featured_media":994,"template":"","meta":[],"product_cat":[15],"product_tag":[],"acf":[],"_links":{"self":[{"href":"https:\/\/www.champagne-nomine-renard.com\/shop\/wp-json\/wp\/v2\/product\/890"}],"collection":[{"href":"https:\/\/www.champagne-nomine-renard.com\/shop\/wp-json\/wp\/v2\/product"}],"about":[{"href":"https:\/\/www.champagne-nomine-renard.com\/shop\/wp-json\/wp\/v2\/types\/product"}],"wp:featuredmedia":[{"embeddable":true,"href":"https:\/\/www.champagne-nomine-renard.com\/shop\/wp-json\/wp\/v2\/media\/994"}],"wp:attachment":[{"href":"https:\/\/www.champagne-nomine-renard.com\/shop\/wp-json\/wp\/v2\/media?parent=890"}],"wp:term":[{"taxonomy":"product_cat","embeddable":true,"href":"https:\/\/www.champagne-nomine-renard.com\/shop\/wp-json\/wp\/v2\/product_cat?post=890"},{"taxonomy":"product_tag","embeddable":true,"href":"https:\/\/www.champagne-nomine-renard.com\/shop\/wp-json\/wp\/v2\/product_tag?post=890"}],"curies":[{"name":"wp","href":"https:\/\/api.w.org\/{rel}","templated":true}]}}