{"id":901,"date":"2019-04-04T16:32:28","date_gmt":"2019-04-04T14:32:28","guid":{"rendered":"http:\/\/www.champagne-nomine-renard.com\/shop\/?post_type=product&#038;p=901"},"modified":"2022-12-19T14:29:00","modified_gmt":"2022-12-19T13:29:00","slug":"coffret-1-magnum-brut-nomine","status":"publish","type":"product","link":"https:\/\/www.champagne-nomine-renard.com\/shop\/produit\/coffret-1-magnum-brut-nomine\/","title":{"rendered":"Coffret 1 magnum Brut Nomin\u00e9"},"content":{"rendered":"<p>Et pour faire encore plus plaisir, d\u00e9couvrez notre coffret Magnum toujours tr\u00e8s appr\u00e9ci\u00e9.<\/p>\n","protected":false},"excerpt":{"rendered":"<p>Et pour faire encore plus plaisir, d\u00e9couvrez notre coffret Magnum toujours tr\u00e8s appr\u00e9ci\u00e9.<\/p>\n","protected":false},"featured_media":1002,"template":"","meta":[],"product_cat":[43],"product_tag":[],"acf":[],"_links":{"self":[{"href":"https:\/\/www.champagne-nomine-renard.com\/shop\/wp-json\/wp\/v2\/product\/901"}],"collection":[{"href":"https:\/\/www.champagne-nomine-renard.com\/shop\/wp-json\/wp\/v2\/product"}],"about":[{"href":"https:\/\/www.champagne-nomine-renard.com\/shop\/wp-json\/wp\/v2\/types\/product"}],"wp:featuredmedia":[{"embeddable":true,"href":"https:\/\/www.champagne-nomine-renard.com\/shop\/wp-json\/wp\/v2\/media\/1002"}],"wp:attachment":[{"href":"https:\/\/www.champagne-nomine-renard.com\/shop\/wp-json\/wp\/v2\/media?parent=901"}],"wp:term":[{"taxonomy":"product_cat","embeddable":true,"href":"https:\/\/www.champagne-nomine-renard.com\/shop\/wp-json\/wp\/v2\/product_cat?post=901"},{"taxonomy":"product_tag","embeddable":true,"href":"https:\/\/www.champagne-nomine-renard.com\/shop\/wp-json\/wp\/v2\/product_tag?post=901"}],"curies":[{"name":"wp","href":"https:\/\/api.w.org\/{rel}","templated":true}]}}