{"id":989,"date":"2019-05-20T11:34:38","date_gmt":"2019-05-20T09:34:38","guid":{"rendered":"http:\/\/www.champagne-nomine-renard.com\/shop\/?post_type=product&#038;p=989"},"modified":"2025-01-02T15:38:26","modified_gmt":"2025-01-02T14:38:26","slug":"blanc-de-noirs","status":"publish","type":"product","link":"https:\/\/www.champagne-nomine-renard.com\/shop\/produit\/blanc-de-noirs\/","title":{"rendered":"Blanc de Noirs"},"content":{"rendered":"<div class=\"field field-name-body field-type-text-with-summary field-label-hidden\">\n<div class=\"field-items\">\n<div class=\"field-item even\">\n<p>Notre Blanc de Noirs est le fruit d\u2019un heureux hasard\u2026Issu d\u2019une parcelle de Pinot Noirs \u00ab les hauts de la Fontaine \u00bb \u00e0 Villevenard, il s\u2019est impos\u00e9 \u00e0 nous comme une \u00e9vidence.<\/p>\n<p>Un nez, frais et tonique, de pamplemousse rose, zeste de citron, P\u00eache et Grenade.<\/p>\n<p>En bouche, il se d\u00e9veloppe en souplesse et gourmandise, avec des notes de groseilles et de grenade.<\/p>\n<p>Champagne plaisir, \u00e0 d\u00e9couvrir \u00e0 l\u2019ap\u00e9ritif (ou sur une entr\u00e9e) pour r\u00e9veiller vos papilles.<\/p>\n<\/div>\n<\/div>\n<\/div>\n","protected":false},"excerpt":{"rendered":"<p>Notre Blanc de Noirs est le fruit d\u2019un heureux hasard\u2026Issu d\u2019une parcelle de Pinot Noirs \u00ab les hauts de la Fontaine \u00bb \u00e0 Villevenard, il s\u2019est impos\u00e9 \u00e0 nous comme une \u00e9vidence. Un nez, frais et tonique, de pamplemousse rose, zeste de citron, P\u00eache et Grenade. En bouche, il se d\u00e9veloppe en souplesse et gourmandise, [&hellip;]<\/p>\n","protected":false},"featured_media":998,"template":"","meta":[],"product_cat":[42],"product_tag":[],"acf":[],"_links":{"self":[{"href":"https:\/\/www.champagne-nomine-renard.com\/shop\/wp-json\/wp\/v2\/product\/989"}],"collection":[{"href":"https:\/\/www.champagne-nomine-renard.com\/shop\/wp-json\/wp\/v2\/product"}],"about":[{"href":"https:\/\/www.champagne-nomine-renard.com\/shop\/wp-json\/wp\/v2\/types\/product"}],"wp:featuredmedia":[{"embeddable":true,"href":"https:\/\/www.champagne-nomine-renard.com\/shop\/wp-json\/wp\/v2\/media\/998"}],"wp:attachment":[{"href":"https:\/\/www.champagne-nomine-renard.com\/shop\/wp-json\/wp\/v2\/media?parent=989"}],"wp:term":[{"taxonomy":"product_cat","embeddable":true,"href":"https:\/\/www.champagne-nomine-renard.com\/shop\/wp-json\/wp\/v2\/product_cat?post=989"},{"taxonomy":"product_tag","embeddable":true,"href":"https:\/\/www.champagne-nomine-renard.com\/shop\/wp-json\/wp\/v2\/product_tag?post=989"}],"curies":[{"name":"wp","href":"https:\/\/api.w.org\/{rel}","templated":true}]}}